{"id":4118,"date":"2023-10-06T06:30:35","date_gmt":"2023-10-06T12:30:35","guid":{"rendered":"https:\/\/emmapay.com\/uat-costa-rica\/?page_id=4118"},"modified":"2023-10-06T08:39:48","modified_gmt":"2023-10-06T14:39:48","slug":"cumplimiento-regulatorio","status":"publish","type":"page","link":"https:\/\/emmapay.com\/uat-ecuador\/cumplimiento-regulatorio\/","title":{"rendered":"Cumplimiento regulatorio"},"content":{"rendered":"\t\t<div data-elementor-type=\"wp-page\" data-elementor-id=\"4118\" class=\"elementor elementor-4118\" data-elementor-post-type=\"page\">\n\t\t\t\t\t\t\t<div class=\"elementor-element elementor-element-83fa93d e-flex e-con-boxed e-con e-parent\" data-id=\"83fa93d\" data-element_type=\"container\" data-settings=\"{&quot;background_background&quot;:&quot;classic&quot;,&quot;container_type&quot;:&quot;flex&quot;,&quot;content_width&quot;:&quot;boxed&quot;}\" data-core-v316-plus=\"true\">\n\t\t\t\t\t<div class=\"e-con-inner\">\n\t\t<div class=\"elementor-element elementor-element-bf555a e-flex e-con-boxed e-con e-parent\" data-id=\"bf555a\" data-element_type=\"container\" data-settings=\"{&quot;background_background&quot;:&quot;classic&quot;,&quot;container_type&quot;:&quot;flex&quot;,&quot;content_width&quot;:&quot;boxed&quot;}\" data-e-bg-lazyload=\"\" data-core-v316-plus=\"true\">\n\t\t\t\t\t<div class=\"e-con-inner\">\n\t\t<div class=\"elementor-element elementor-element-69de31e8 e-flex e-con-boxed e-con e-parent\" data-id=\"69de31e8\" data-element_type=\"container\" data-settings=\"{&quot;container_type&quot;:&quot;flex&quot;,&quot;content_width&quot;:&quot;boxed&quot;}\" data-core-v316-plus=\"true\">\n\t\t\t\t\t<div class=\"e-con-inner\">\n\t\t\t\t<div class=\"elementor-element elementor-element-2e825768 elementor-widget elementor-widget-heading\" data-id=\"2e825768\" data-element_type=\"widget\" data-widget_type=\"heading.default\">\n\t\t\t\t<div class=\"elementor-widget-container\">\n\t\t\t<style>\/*! elementor - v3.17.0 - 25-10-2023 *\/\n.elementor-heading-title{padding:0;margin:0;line-height:1}.elementor-widget-heading .elementor-heading-title[class*=elementor-size-]>a{color:inherit;font-size:inherit;line-height:inherit}.elementor-widget-heading .elementor-heading-title.elementor-size-small{font-size:15px}.elementor-widget-heading .elementor-heading-title.elementor-size-medium{font-size:19px}.elementor-widget-heading .elementor-heading-title.elementor-size-large{font-size:29px}.elementor-widget-heading .elementor-heading-title.elementor-size-xl{font-size:39px}.elementor-widget-heading .elementor-heading-title.elementor-size-xxl{font-size:59px}<\/style><h6 class=\"elementor-heading-title elementor-size-default\"><span class=\"inicio-ay\"> <a class=\"breadcrumb-link-ay\" href=\"https:\/\/emmapay.com\/uat-ecuador\/\">Transparencia<\/a> <\/span><span class=\"whi\">\/<\/span>  Cumplimiento regulatorio<\/h6>\t\t<\/div>\n\t\t\t\t<\/div>\n\t\t\t\t\t<\/div>\n\t\t\t\t<\/div>\n\t\t<div class=\"elementor-element elementor-element-4784e087 e-flex e-con-boxed e-con e-parent\" data-id=\"4784e087\" data-element_type=\"container\" data-settings=\"{&quot;container_type&quot;:&quot;flex&quot;,&quot;content_width&quot;:&quot;boxed&quot;}\" data-core-v316-plus=\"true\">\n\t\t\t\t\t<div class=\"e-con-inner\">\n\t\t<div class=\"elementor-element elementor-element-23422b98 e-flex e-con-boxed e-con e-parent\" data-id=\"23422b98\" data-element_type=\"container\" data-settings=\"{&quot;container_type&quot;:&quot;flex&quot;,&quot;content_width&quot;:&quot;boxed&quot;}\" data-core-v316-plus=\"true\">\n\t\t\t\t\t<div class=\"e-con-inner\">\n\t\t\t\t<div class=\"elementor-element elementor-element-32e813ea elementor-widget__width-initial elementor-widget-tablet__width-initial elementor-widget elementor-widget-heading\" data-id=\"32e813ea\" data-element_type=\"widget\" data-widget_type=\"heading.default\">\n\t\t\t\t<div class=\"elementor-widget-container\">\n\t\t\t<h1 class=\"elementor-heading-title elementor-size-default\">Cumplimiento<\/h1>\t\t<\/div>\n\t\t\t\t<\/div>\n\t\t\t\t<div class=\"elementor-element elementor-element-5140bec2 elementor-widget__width-initial elementor-widget-tablet__width-initial elementor-widget elementor-widget-heading\" data-id=\"5140bec2\" data-element_type=\"widget\" data-widget_type=\"heading.default\">\n\t\t\t\t<div class=\"elementor-widget-container\">\n\t\t\t<h1 class=\"elementor-heading-title elementor-size-default\">regulatorio<\/h1>\t\t<\/div>\n\t\t\t\t<\/div>\n\t\t\t\t\t<\/div>\n\t\t\t\t<\/div>\n\t\t\t\t\t<\/div>\n\t\t\t\t<\/div>\n\t\t\t\t\t<\/div>\n\t\t\t\t<\/div>\n\t\t\t\t\t<\/div>\n\t\t\t\t<\/div>\n\t\t<div class=\"elementor-element elementor-element-68ee84f4 e-flex e-con-boxed e-con e-parent\" data-id=\"68ee84f4\" data-element_type=\"container\" data-settings=\"{&quot;background_background&quot;:&quot;classic&quot;,&quot;container_type&quot;:&quot;flex&quot;,&quot;content_width&quot;:&quot;boxed&quot;}\" data-e-bg-lazyload=\"\" data-core-v316-plus=\"true\">\n\t\t\t\t\t<div class=\"e-con-inner\">\n\t\t<div class=\"elementor-element elementor-element-5bfabe6d e-con-full e-flex e-con e-parent\" data-id=\"5bfabe6d\" data-element_type=\"container\" data-settings=\"{&quot;content_width&quot;:&quot;full&quot;,&quot;background_background&quot;:&quot;classic&quot;,&quot;container_type&quot;:&quot;flex&quot;}\" data-core-v316-plus=\"true\">\n\t\t<div class=\"elementor-element elementor-element-357b8619 e-con-full e-flex e-con e-parent\" data-id=\"357b8619\" data-element_type=\"container\" data-settings=\"{&quot;content_width&quot;:&quot;full&quot;,&quot;container_type&quot;:&quot;flex&quot;}\" data-core-v316-plus=\"true\">\n\t\t<div class=\"elementor-element elementor-element-68c040a2 e-con-full e-flex e-con e-parent\" data-id=\"68c040a2\" data-element_type=\"container\" data-settings=\"{&quot;content_width&quot;:&quot;full&quot;,&quot;container_type&quot;:&quot;flex&quot;}\" data-core-v316-plus=\"true\">\n\t\t\t\t<div class=\"elementor-element elementor-element-2b3edebb elementor-widget elementor-widget-image\" data-id=\"2b3edebb\" data-element_type=\"widget\" data-widget_type=\"image.default\">\n\t\t\t\t<div class=\"elementor-widget-container\">\n\t\t\t<style>\/*! elementor - v3.17.0 - 25-10-2023 *\/\n.elementor-widget-image{text-align:center}.elementor-widget-image a{display:inline-block}.elementor-widget-image a img[src$=\".svg\"]{width:48px}.elementor-widget-image img{vertical-align:middle;display:inline-block}<\/style>\t\t\t\t\t\t\t\t\t\t\t\t<img loading=\"lazy\" decoding=\"async\" width=\"48\" height=\"48\" src=\"https:\/\/emmapay.com\/uat-ecuador\/wp-content\/uploads\/sites\/11\/2023\/09\/security.svg\" class=\"attachment-large size-large wp-image-2321\" alt=\"\" \/>\t\t\t\t\t\t\t\t\t\t\t\t\t\t\t<\/div>\n\t\t\t\t<\/div>\n\t\t\t\t<\/div>\n\t\t<div class=\"elementor-element elementor-element-5227d611 e-con-full e-flex e-con e-parent\" data-id=\"5227d611\" data-element_type=\"container\" data-settings=\"{&quot;content_width&quot;:&quot;full&quot;,&quot;container_type&quot;:&quot;flex&quot;}\" data-core-v316-plus=\"true\">\n\t\t\t\t<div class=\"elementor-element elementor-element-57f8d224 elementor-widget elementor-widget-heading\" data-id=\"57f8d224\" data-element_type=\"widget\" data-widget_type=\"heading.default\">\n\t\t\t\t<div class=\"elementor-widget-container\">\n\t\t\t<h5 class=\"elementor-heading-title elementor-size-default\">Comunicado SUGEF<\/h5>\t\t<\/div>\n\t\t\t\t<\/div>\n\t\t\t\t<div class=\"elementor-element elementor-element-558ff6d3 elementor-widget elementor-widget-heading\" data-id=\"558ff6d3\" data-element_type=\"widget\" data-widget_type=\"heading.default\">\n\t\t\t\t<div class=\"elementor-widget-container\">\n\t\t\t<p class=\"elementor-heading-title elementor-size-default\">Superintendencia General de Entidades Financieras<\/p>\t\t<\/div>\n\t\t\t\t<\/div>\n\t\t\t\t<\/div>\n\t\t\t\t<\/div>\n\t\t\t\t<div class=\"elementor-element elementor-element-7d9f8ced elementor-widget elementor-widget-text-editor\" data-id=\"7d9f8ced\" data-element_type=\"widget\" data-widget_type=\"text-editor.default\">\n\t\t\t\t<div class=\"elementor-widget-container\">\n\t\t\t<style>\/*! elementor - v3.17.0 - 25-10-2023 *\/\n.elementor-widget-text-editor.elementor-drop-cap-view-stacked .elementor-drop-cap{background-color:#69727d;color:#fff}.elementor-widget-text-editor.elementor-drop-cap-view-framed .elementor-drop-cap{color:#69727d;border:3px solid;background-color:transparent}.elementor-widget-text-editor:not(.elementor-drop-cap-view-default) .elementor-drop-cap{margin-top:8px}.elementor-widget-text-editor:not(.elementor-drop-cap-view-default) .elementor-drop-cap-letter{width:1em;height:1em}.elementor-widget-text-editor .elementor-drop-cap{float:left;text-align:center;line-height:1;font-size:50px}.elementor-widget-text-editor .elementor-drop-cap-letter{display:inline-block}<\/style>\t\t\t\t<p><strong>ADVERTENCIA:<\/strong> <br \/>Se advierte al p\u00fablico que Uni\u00f3n Comercial de Costa Rica UNICOMER S.A. es supervisada solamente en materia de prevenci\u00f3n de legitimaci\u00f3n de capitales, financiamiento al terrorismo y financiamiento de la proliferaci\u00f3n de armas de destrucci\u00f3n masiva, y adem\u00e1s se encuentra sujeta a disposiciones vinculantes de la Unidad de Inteligencia Financiera del Instituto Costarricense sobre Drogas. Por lo tanto, la Sugef no supervisa en materia financiera a Uni\u00f3n Comercial de Costa Rica UNICOMER S.A., ni los negocios que ofrece, ni su seguridad, estabilidad o solvencia.<\/p>\t\t\t\t\t\t<\/div>\n\t\t\t\t<\/div>\n\t\t\t\t<\/div>\n\t\t\t\t\t<\/div>\n\t\t\t\t<\/div>\n\t\t\t\t\t\t\t<\/div>\n\t\t","protected":false},"excerpt":{"rendered":"<p>Transparencia \/ Cumplimiento regulatorio Cumplimiento regulatorio Comunicado SUGEF Superintendencia General de Entidades Financieras ADVERTENCIA: Se advierte al p\u00fablico que Uni\u00f3n Comercial de Costa Rica UNICOMER S.A. es supervisada solamente en materia de prevenci\u00f3n de legitimaci\u00f3n de capitales, financiamiento al terrorismo y financiamiento de la proliferaci\u00f3n de armas de destrucci\u00f3n masiva, y adem\u00e1s se encuentra sujeta [&hellip;]<\/p>\n","protected":false},"author":1,"featured_media":2422,"parent":0,"menu_order":0,"comment_status":"closed","ping_status":"closed","template":"","meta":{"_acf_changed":false,"footnotes":""},"class_list":["post-4118","page","type-page","status-publish","has-post-thumbnail","hentry"],"acf":[],"yoast_head":"<!-- This site is optimized with the Yoast SEO plugin v23.2 - https:\/\/yoast.com\/wordpress\/plugins\/seo\/ -->\n<title>Cumplimiento regulatorio - UAT Emma Pay Ecuador<\/title>\n<meta name=\"robots\" content=\"index, follow, max-snippet:-1, max-image-preview:large, max-video-preview:-1\" \/>\n<link rel=\"canonical\" href=\"https:\/\/emmapay.com\/uat-ecuador\/cumplimiento-regulatorio\/\" \/>\n<meta property=\"og:locale\" content=\"es_ES\" \/>\n<meta property=\"og:type\" content=\"article\" \/>\n<meta property=\"og:title\" content=\"Cumplimiento regulatorio - UAT Emma Pay Ecuador\" \/>\n<meta property=\"og:description\" content=\"Transparencia \/ Cumplimiento regulatorio Cumplimiento regulatorio Comunicado SUGEF Superintendencia General de Entidades Financieras ADVERTENCIA: Se advierte al p\u00fablico que Uni\u00f3n Comercial de Costa Rica UNICOMER S.A. es supervisada solamente en materia de prevenci\u00f3n de legitimaci\u00f3n de capitales, financiamiento al terrorismo y financiamiento de la proliferaci\u00f3n de armas de destrucci\u00f3n masiva, y adem\u00e1s se encuentra sujeta [&hellip;]\" \/>\n<meta property=\"og:url\" content=\"https:\/\/emmapay.com\/uat-ecuador\/cumplimiento-regulatorio\/\" \/>\n<meta property=\"og:site_name\" content=\"UAT Emma Pay Ecuador\" \/>\n<meta property=\"article:modified_time\" content=\"2023-10-06T14:39:48+00:00\" \/>\n<meta name=\"twitter:card\" content=\"summary_large_image\" \/>\n<meta name=\"twitter:label1\" content=\"Tiempo de lectura\" \/>\n\t<meta name=\"twitter:data1\" content=\"1 minuto\" \/>\n<script type=\"application\/ld+json\" class=\"yoast-schema-graph\">{\"@context\":\"https:\/\/schema.org\",\"@graph\":[{\"@type\":\"WebPage\",\"@id\":\"https:\/\/emmapay.com\/uat-ecuador\/cumplimiento-regulatorio\/\",\"url\":\"https:\/\/emmapay.com\/uat-ecuador\/cumplimiento-regulatorio\/\",\"name\":\"Cumplimiento regulatorio - UAT Emma Pay Ecuador\",\"isPartOf\":{\"@id\":\"https:\/\/emmapay.com\/uat-ecuador\/#website\"},\"primaryImageOfPage\":{\"@id\":\"https:\/\/emmapay.com\/uat-ecuador\/cumplimiento-regulatorio\/#primaryimage\"},\"image\":{\"@id\":\"https:\/\/emmapay.com\/uat-ecuador\/cumplimiento-regulatorio\/#primaryimage\"},\"thumbnailUrl\":\"https:\/\/emmapay.com\/uat-ecuador\/wp-content\/uploads\/sites\/11\/2023\/09\/terms-bgt.svg\",\"datePublished\":\"2023-10-06T12:30:35+00:00\",\"dateModified\":\"2023-10-06T14:39:48+00:00\",\"breadcrumb\":{\"@id\":\"https:\/\/emmapay.com\/uat-ecuador\/cumplimiento-regulatorio\/#breadcrumb\"},\"inLanguage\":\"es\",\"potentialAction\":[{\"@type\":\"ReadAction\",\"target\":[\"https:\/\/emmapay.com\/uat-ecuador\/cumplimiento-regulatorio\/\"]}]},{\"@type\":\"ImageObject\",\"inLanguage\":\"es\",\"@id\":\"https:\/\/emmapay.com\/uat-ecuador\/cumplimiento-regulatorio\/#primaryimage\",\"url\":\"https:\/\/emmapay.com\/uat-ecuador\/wp-content\/uploads\/sites\/11\/2023\/09\/terms-bgt.svg\",\"contentUrl\":\"https:\/\/emmapay.com\/uat-ecuador\/wp-content\/uploads\/sites\/11\/2023\/09\/terms-bgt.svg\",\"width\":194,\"height\":235},{\"@type\":\"BreadcrumbList\",\"@id\":\"https:\/\/emmapay.com\/uat-ecuador\/cumplimiento-regulatorio\/#breadcrumb\",\"itemListElement\":[{\"@type\":\"ListItem\",\"position\":1,\"name\":\"Home\",\"item\":\"https:\/\/emmapay.com\/uat-ecuador\/\"},{\"@type\":\"ListItem\",\"position\":2,\"name\":\"Cumplimiento regulatorio\"}]},{\"@type\":\"WebSite\",\"@id\":\"https:\/\/emmapay.com\/uat-ecuador\/#website\",\"url\":\"https:\/\/emmapay.com\/uat-ecuador\/\",\"name\":\"UAT Emma Pay Ecuador\",\"description\":\"Emma Pay Ecuador\",\"publisher\":{\"@id\":\"https:\/\/emmapay.com\/uat-ecuador\/#organization\"},\"potentialAction\":[{\"@type\":\"SearchAction\",\"target\":{\"@type\":\"EntryPoint\",\"urlTemplate\":\"https:\/\/emmapay.com\/uat-ecuador\/?s={search_term_string}\"},\"query-input\":\"required name=search_term_string\"}],\"inLanguage\":\"es\"},{\"@type\":\"Organization\",\"@id\":\"https:\/\/emmapay.com\/uat-ecuador\/#organization\",\"name\":\"UAT Emma Pay Ecuador\",\"url\":\"https:\/\/emmapay.com\/uat-ecuador\/\",\"logo\":{\"@type\":\"ImageObject\",\"inLanguage\":\"es\",\"@id\":\"https:\/\/emmapay.com\/uat-ecuador\/#\/schema\/logo\/image\/\",\"url\":\"https:\/\/emmapay.com\/uat-ecuador\/wp-content\/uploads\/sites\/11\/2023\/09\/Logo-Emma.svg\",\"contentUrl\":\"https:\/\/emmapay.com\/uat-ecuador\/wp-content\/uploads\/sites\/11\/2023\/09\/Logo-Emma.svg\",\"width\":171,\"height\":68,\"caption\":\"UAT Emma Pay Ecuador\"},\"image\":{\"@id\":\"https:\/\/emmapay.com\/uat-ecuador\/#\/schema\/logo\/image\/\"}}]}<\/script>\n<!-- \/ Yoast SEO plugin. -->","yoast_head_json":{"title":"Cumplimiento regulatorio - UAT Emma Pay Ecuador","robots":{"index":"index","follow":"follow","max-snippet":"max-snippet:-1","max-image-preview":"max-image-preview:large","max-video-preview":"max-video-preview:-1"},"canonical":"https:\/\/emmapay.com\/uat-ecuador\/cumplimiento-regulatorio\/","og_locale":"es_ES","og_type":"article","og_title":"Cumplimiento regulatorio - UAT Emma Pay Ecuador","og_description":"Transparencia \/ Cumplimiento regulatorio Cumplimiento regulatorio Comunicado SUGEF Superintendencia General de Entidades Financieras ADVERTENCIA: Se advierte al p\u00fablico que Uni\u00f3n Comercial de Costa Rica UNICOMER S.A. es supervisada solamente en materia de prevenci\u00f3n de legitimaci\u00f3n de capitales, financiamiento al terrorismo y financiamiento de la proliferaci\u00f3n de armas de destrucci\u00f3n masiva, y adem\u00e1s se encuentra sujeta [&hellip;]","og_url":"https:\/\/emmapay.com\/uat-ecuador\/cumplimiento-regulatorio\/","og_site_name":"UAT Emma Pay Ecuador","article_modified_time":"2023-10-06T14:39:48+00:00","twitter_card":"summary_large_image","twitter_misc":{"Tiempo de lectura":"1 minuto"},"schema":{"@context":"https:\/\/schema.org","@graph":[{"@type":"WebPage","@id":"https:\/\/emmapay.com\/uat-ecuador\/cumplimiento-regulatorio\/","url":"https:\/\/emmapay.com\/uat-ecuador\/cumplimiento-regulatorio\/","name":"Cumplimiento regulatorio - UAT Emma Pay Ecuador","isPartOf":{"@id":"https:\/\/emmapay.com\/uat-ecuador\/#website"},"primaryImageOfPage":{"@id":"https:\/\/emmapay.com\/uat-ecuador\/cumplimiento-regulatorio\/#primaryimage"},"image":{"@id":"https:\/\/emmapay.com\/uat-ecuador\/cumplimiento-regulatorio\/#primaryimage"},"thumbnailUrl":"https:\/\/emmapay.com\/uat-ecuador\/wp-content\/uploads\/sites\/11\/2023\/09\/terms-bgt.svg","datePublished":"2023-10-06T12:30:35+00:00","dateModified":"2023-10-06T14:39:48+00:00","breadcrumb":{"@id":"https:\/\/emmapay.com\/uat-ecuador\/cumplimiento-regulatorio\/#breadcrumb"},"inLanguage":"es","potentialAction":[{"@type":"ReadAction","target":["https:\/\/emmapay.com\/uat-ecuador\/cumplimiento-regulatorio\/"]}]},{"@type":"ImageObject","inLanguage":"es","@id":"https:\/\/emmapay.com\/uat-ecuador\/cumplimiento-regulatorio\/#primaryimage","url":"https:\/\/emmapay.com\/uat-ecuador\/wp-content\/uploads\/sites\/11\/2023\/09\/terms-bgt.svg","contentUrl":"https:\/\/emmapay.com\/uat-ecuador\/wp-content\/uploads\/sites\/11\/2023\/09\/terms-bgt.svg","width":194,"height":235},{"@type":"BreadcrumbList","@id":"https:\/\/emmapay.com\/uat-ecuador\/cumplimiento-regulatorio\/#breadcrumb","itemListElement":[{"@type":"ListItem","position":1,"name":"Home","item":"https:\/\/emmapay.com\/uat-ecuador\/"},{"@type":"ListItem","position":2,"name":"Cumplimiento regulatorio"}]},{"@type":"WebSite","@id":"https:\/\/emmapay.com\/uat-ecuador\/#website","url":"https:\/\/emmapay.com\/uat-ecuador\/","name":"UAT Emma Pay Ecuador","description":"Emma Pay Ecuador","publisher":{"@id":"https:\/\/emmapay.com\/uat-ecuador\/#organization"},"potentialAction":[{"@type":"SearchAction","target":{"@type":"EntryPoint","urlTemplate":"https:\/\/emmapay.com\/uat-ecuador\/?s={search_term_string}"},"query-input":"required name=search_term_string"}],"inLanguage":"es"},{"@type":"Organization","@id":"https:\/\/emmapay.com\/uat-ecuador\/#organization","name":"UAT Emma Pay Ecuador","url":"https:\/\/emmapay.com\/uat-ecuador\/","logo":{"@type":"ImageObject","inLanguage":"es","@id":"https:\/\/emmapay.com\/uat-ecuador\/#\/schema\/logo\/image\/","url":"https:\/\/emmapay.com\/uat-ecuador\/wp-content\/uploads\/sites\/11\/2023\/09\/Logo-Emma.svg","contentUrl":"https:\/\/emmapay.com\/uat-ecuador\/wp-content\/uploads\/sites\/11\/2023\/09\/Logo-Emma.svg","width":171,"height":68,"caption":"UAT Emma Pay Ecuador"},"image":{"@id":"https:\/\/emmapay.com\/uat-ecuador\/#\/schema\/logo\/image\/"}}]}},"_links":{"self":[{"href":"https:\/\/emmapay.com\/uat-ecuador\/wp-json\/wp\/v2\/pages\/4118"}],"collection":[{"href":"https:\/\/emmapay.com\/uat-ecuador\/wp-json\/wp\/v2\/pages"}],"about":[{"href":"https:\/\/emmapay.com\/uat-ecuador\/wp-json\/wp\/v2\/types\/page"}],"author":[{"embeddable":true,"href":"https:\/\/emmapay.com\/uat-ecuador\/wp-json\/wp\/v2\/users\/1"}],"replies":[{"embeddable":true,"href":"https:\/\/emmapay.com\/uat-ecuador\/wp-json\/wp\/v2\/comments?post=4118"}],"version-history":[{"count":44,"href":"https:\/\/emmapay.com\/uat-ecuador\/wp-json\/wp\/v2\/pages\/4118\/revisions"}],"predecessor-version":[{"id":4184,"href":"https:\/\/emmapay.com\/uat-ecuador\/wp-json\/wp\/v2\/pages\/4118\/revisions\/4184"}],"wp:featuredmedia":[{"embeddable":true,"href":"https:\/\/emmapay.com\/uat-ecuador\/wp-json\/wp\/v2\/media\/2422"}],"wp:attachment":[{"href":"https:\/\/emmapay.com\/uat-ecuador\/wp-json\/wp\/v2\/media?parent=4118"}],"curies":[{"name":"wp","href":"https:\/\/api.w.org\/{rel}","templated":true}]}}