{"id":2331,"date":"2023-09-19T10:14:50","date_gmt":"2023-09-19T16:14:50","guid":{"rendered":"https:\/\/emmapay.com\/uat-costa-rica\/?page_id=2331"},"modified":"2024-02-14T09:25:43","modified_gmt":"2024-02-14T15:25:43","slug":"politica-de-privacidad-de-datos","status":"publish","type":"page","link":"https:\/\/emmapay.com\/el-salvador\/politica-de-privacidad-de-datos\/","title":{"rendered":"Pol\u00edtica de privacidad"},"content":{"rendered":"\t\t<div data-elementor-type=\"wp-page\" data-elementor-id=\"2331\" class=\"elementor elementor-2331\" data-elementor-post-type=\"page\">\n\t\t\t\t\t\t<div class=\"elementor-inner\">\n\t\t\t\t<div class=\"elementor-section-wrap\">\n\t\t\t\t\t\t\t<div class=\"elementor-element elementor-element-6e0d1256 e-flex e-con-boxed e-con e-parent\" data-id=\"6e0d1256\" data-element_type=\"container\" data-settings=\"{&quot;background_background&quot;:&quot;classic&quot;,&quot;container_type&quot;:&quot;flex&quot;,&quot;content_width&quot;:&quot;boxed&quot;}\" data-core-v316-plus=\"true\">\n\t\t\t\t\t<div class=\"e-con-inner\">\n\t\t<div class=\"elementor-element elementor-element-3b04a2f0 e-flex e-con-boxed e-con e-child\" data-id=\"3b04a2f0\" data-element_type=\"container\" data-settings=\"{&quot;background_background&quot;:&quot;classic&quot;,&quot;container_type&quot;:&quot;flex&quot;,&quot;content_width&quot;:&quot;boxed&quot;}\" data-e-bg-lazyload=\"\">\n\t\t\t\t\t<div class=\"e-con-inner\">\n\t\t<div class=\"elementor-element elementor-element-259cae61 e-flex e-con-boxed e-con e-child\" data-id=\"259cae61\" data-element_type=\"container\" data-settings=\"{&quot;container_type&quot;:&quot;flex&quot;,&quot;content_width&quot;:&quot;boxed&quot;}\">\n\t\t\t\t\t<div class=\"e-con-inner\">\n\t\t\t\t<div class=\"elementor-element elementor-element-528d0226 elementor-widget elementor-widget-heading\" data-id=\"528d0226\" data-element_type=\"widget\" data-widget_type=\"heading.default\">\n\t\t\t\t<div class=\"elementor-widget-container\">\n\t\t\t<style>\/*! elementor - v3.17.0 - 25-10-2023 *\/\n.elementor-heading-title{padding:0;margin:0;line-height:1}.elementor-widget-heading .elementor-heading-title[class*=elementor-size-]>a{color:inherit;font-size:inherit;line-height:inherit}.elementor-widget-heading .elementor-heading-title.elementor-size-small{font-size:15px}.elementor-widget-heading .elementor-heading-title.elementor-size-medium{font-size:19px}.elementor-widget-heading .elementor-heading-title.elementor-size-large{font-size:29px}.elementor-widget-heading .elementor-heading-title.elementor-size-xl{font-size:39px}.elementor-widget-heading .elementor-heading-title.elementor-size-xxl{font-size:59px}<\/style><h6 class=\"elementor-heading-title elementor-size-default\"><span class=\"inicio-ay\"> <a class=\"breadcrumb-link-ay\" href=\"https:\/\/emmapay.com\/el-salvador\/personas-prov\/\">Personas<\/a> <\/span><span class=\"whi\">\/<\/span>  Pol\u00edtica de privacidad<\/h6>\t\t<\/div>\n\t\t\t\t<\/div>\n\t\t\t\t\t<\/div>\n\t\t\t\t<\/div>\n\t\t<div class=\"elementor-element elementor-element-1be23b5a e-flex e-con-boxed e-con e-child\" data-id=\"1be23b5a\" data-element_type=\"container\" data-settings=\"{&quot;container_type&quot;:&quot;flex&quot;,&quot;content_width&quot;:&quot;boxed&quot;}\">\n\t\t\t\t\t<div class=\"e-con-inner\">\n\t\t<div class=\"elementor-element elementor-element-5c47ccd5 e-flex e-con-boxed e-con e-child\" data-id=\"5c47ccd5\" data-element_type=\"container\" data-settings=\"{&quot;container_type&quot;:&quot;flex&quot;,&quot;content_width&quot;:&quot;boxed&quot;}\">\n\t\t\t\t\t<div class=\"e-con-inner\">\n\t\t\t\t<div class=\"elementor-element elementor-element-67b93d3c elementor-widget__width-initial elementor-widget-tablet__width-initial elementor-widget elementor-widget-heading\" data-id=\"67b93d3c\" data-element_type=\"widget\" data-widget_type=\"heading.default\">\n\t\t\t\t<div class=\"elementor-widget-container\">\n\t\t\t<h1 class=\"elementor-heading-title elementor-size-default\">Pol\u00edtica de<\/h1>\t\t<\/div>\n\t\t\t\t<\/div>\n\t\t\t\t<div class=\"elementor-element elementor-element-50c805d4 elementor-widget__width-initial elementor-widget-tablet__width-initial elementor-widget elementor-widget-heading\" data-id=\"50c805d4\" data-element_type=\"widget\" data-widget_type=\"heading.default\">\n\t\t\t\t<div class=\"elementor-widget-container\">\n\t\t\t<h1 class=\"elementor-heading-title elementor-size-default\">privacidad<\/h1>\t\t<\/div>\n\t\t\t\t<\/div>\n\t\t\t\t\t<\/div>\n\t\t\t\t<\/div>\n\t\t\t\t\t<\/div>\n\t\t\t\t<\/div>\n\t\t\t\t\t<\/div>\n\t\t\t\t<\/div>\n\t\t\t\t\t<\/div>\n\t\t\t\t<\/div>\n\t\t<div class=\"elementor-element elementor-element-46bc542f e-flex e-con-boxed e-con e-parent\" data-id=\"46bc542f\" data-element_type=\"container\" data-settings=\"{&quot;background_background&quot;:&quot;classic&quot;,&quot;container_type&quot;:&quot;flex&quot;,&quot;content_width&quot;:&quot;boxed&quot;}\" data-e-bg-lazyload=\"\" data-core-v316-plus=\"true\">\n\t\t\t\t\t<div class=\"e-con-inner\">\n\t\t<div class=\"elementor-element elementor-element-207f97e e-con-full e-flex e-con e-child\" data-id=\"207f97e\" data-element_type=\"container\" data-settings=\"{&quot;content_width&quot;:&quot;full&quot;,&quot;background_background&quot;:&quot;classic&quot;,&quot;container_type&quot;:&quot;flex&quot;}\">\n\t\t\t\t<div class=\"elementor-element elementor-element-d5e3bff elementor-widget elementor-widget-text-editor\" data-id=\"d5e3bff\" data-element_type=\"widget\" data-widget_type=\"text-editor.default\">\n\t\t\t\t<div class=\"elementor-widget-container\">\n\t\t\t<style>\/*! elementor - v3.17.0 - 25-10-2023 *\/\n.elementor-widget-text-editor.elementor-drop-cap-view-stacked .elementor-drop-cap{background-color:#69727d;color:#fff}.elementor-widget-text-editor.elementor-drop-cap-view-framed .elementor-drop-cap{color:#69727d;border:3px solid;background-color:transparent}.elementor-widget-text-editor:not(.elementor-drop-cap-view-default) .elementor-drop-cap{margin-top:8px}.elementor-widget-text-editor:not(.elementor-drop-cap-view-default) .elementor-drop-cap-letter{width:1em;height:1em}.elementor-widget-text-editor .elementor-drop-cap{float:left;text-align:center;line-height:1;font-size:50px}.elementor-widget-text-editor .elementor-drop-cap-letter{display:inline-block}<\/style>\t\t\t\t\t<div class=\"elementor-text-editor elementor-clearfix\">\n\t\t\t\t<ol>\n \t<li>Toda la informaci\u00f3n que provee el Comercio Afiliado al momento de registrarse o realizar una compra ser\u00e1 tratada con absoluta confidencialidad y privacidad, de acuerdo a la Pol\u00edtica de Privacidad de la Compa\u00f1\u00eda, la cual describe el tratamiento que Unicomer brindar\u00e1 a su informaci\u00f3n, con el prop\u00f3sito de proteger la privacidad de sus datos personales, para lo cual, recopilamos y utilizamos su informaci\u00f3n con el \u00fanico fin de ofrecer un mejor servicio, conforme a las finalidades y limitaciones descritas en la presente Pol\u00edtica.<\/li>\n \t<li>La presente Pol\u00edtica aplica para las bases de datos almacenadas en medios electr\u00f3nicos o digitales de UNICOMER, y ser\u00e1 vinculante para todos los procesos en los que se capturen, usen, almacenen, traten y transfieran datos del Comercio Afiliado.<\/li>\n \t<li>Usted proporciona su informaci\u00f3n personal cuando:\n\n3.1. Cuando crea una cuenta de Usuario.\n\n3.2. Cuando celebra un contrato con Unicomer.\n\n3.3. Cuando utiliza nuestros servicios.\n\n3.4. Cuando Usted se comunica con nosotros por cualquier otro motivo por correo electr\u00f3nico, tel\u00e9fono, por escrito o en persona en una de nuestras ubicaciones;\n\n3.5. Mediante el uso de cookie cuando Usted utiliza el sitio web para acceder o ver informaci\u00f3n.<\/li>\n \t<li>La recolecci\u00f3n de datos estar\u00e1 limitada a aquellos datos personales que son pertinentes y adecuados para finalidades de la prestaci\u00f3n de los Servicios objeto de los presentes T\u00e9rminos.\nPara dichos efectos, Unicomer puede recopilar la siguiente informaci\u00f3n:\n\n4.1. Informaci\u00f3n de contacto: correo electr\u00f3nico, direcci\u00f3n f\u00edsica, tel\u00e9fono u otros canales;\n\n4.2. Informaci\u00f3n de perfil y suscripci\u00f3n, como nombre de usuario y contrase\u00f1a, su nombre, direcci\u00f3n f\u00edsica, correo electr\u00f3nico, n\u00famero de tel\u00e9fono y preferencias de uso y suscripci\u00f3n.\n\n4.3. Informaci\u00f3n transaccional, incluida la informaci\u00f3n de ventas e historial de pagos, si realiza transacciones a trav\u00e9s de los Servicios.\n\n4.4. Informaci\u00f3n del dispositivo cuando utiliza nuestras plataformas tecnol\u00f3gicas, incluido el modelo, el n\u00famero de serie, la ubicaci\u00f3n del dispositivo, los datos de uso y la informaci\u00f3n operativa.<\/li>\n \t<li>Su informaci\u00f3n o datos personales son utilizados por Unicomer para:\n\na) El registro de la informaci\u00f3n personal en los sistemas de Unicomer.\nb) El pago de obligaciones contractuales.\nc) Establecer y gestionar la relaci\u00f3n precontractual y contractual comercial y cualquier otra \u00edndole que surja en virtud del cumplimiento de una obligaci\u00f3n legal o contractual a cargo de Unicomer.\nd) El control y la prevenci\u00f3n del fraude y de lavado de activos, debida diligencia, incluyendo la consulta en listas restrictivas, y toda la informaci\u00f3n relacionada.\ne) Ejecutar los contratos que se tienen suscritos con Unicomer.\nf) Enviar la informaci\u00f3n a entidades gubernamentales o judiciales por solicitud expresa de las mismas en ejercicio de sus funciones.\ng) Transferir informaci\u00f3n a las diferentes entidades del grupo Unicomer, cumpliendo con los requisitos establecidos por las leyes aplicables.\nh) Soportar procesos de revisi\u00f3n fiscal, auditor\u00eda externa e interna.\ni) Enviar y recibir mensajes con fines de mercadeo, comerciales, publicitarios y\/o de atenci\u00f3n a peticiones, quejas, reclamos y sugerencias.\nj) Procesar las \u00f3rdenes y\/o transacciones de los Usuarios Finales.\nk) Para el otorgamiento y administraci\u00f3n de la L\u00ednea de Cr\u00e9dito Rotativa de EMMA PAY.\nl) Para compartir los datos personales con entidades que prestan servicios en nuestro nombre o a otras entidades con las cuales tenemos acuerdos comerciales como facturaci\u00f3n y cobro, servicios de TI, mantenimiento y alojamiento de nuestros Servicios, procesadores de pago, socios de marketing, contabilidad, servicios de auditor\u00eda e impuestos, servicios legales y otros servicios profesionales.\nA fin de poner en pr\u00e1ctica los prop\u00f3sitos descritos anteriormente, sus datos personales podr\u00e1n ser divulgados con los fines dispuestos anteriormente a encargados del tratamiento, asesores, contratistas y a otras personas y oficinas, seg\u00fan corresponda. UNICOMER se reserva el derecho de subcontratar a terceros para el procesamiento de determinadas funciones o informaci\u00f3n, a quienes se advertir\u00e1 el cumplimiento obligatorio de nuestras pol\u00edticas de confidencialidad de la informaci\u00f3n.<\/li>\n \t<li><p>Utilizamos una combinaci\u00f3n de medidas de seguridad f\u00edsicas, t\u00e9cnicas y administrativas para proteger la informaci\u00f3n que recopilamos a trav\u00e9s de los Servicios. Si bien utilizamos estas precauciones para salvaguardar su informaci\u00f3n, no podemos garantizar la seguridad de las redes, sistemas, servidores, dispositivos y bases de datos que operamos o que operan en nuestro nombre.<\/p><\/li>\n \t<li><p>Como Comercio Afiliado, usted tiene derecho a\u00b7 conocer, actualizar y rectificar sus datos personales, de conformidad a la legislaci\u00f3n vigente.<\/p><\/li>\n \t<li><p>Recopilamos, procesamos y conservamos de manera confidencial y responsable, cierta informaci\u00f3n de pago, en cumplimiento a los lineamientos de seguridad de informaci\u00f3n adoptados por empresas de tarjetas de cr\u00e9dito como Visa, MasterCard y American Express. No retenemos n\u00fameros completos de tarjetas de cr\u00e9dito, pines de las tarjetas de d\u00e9bito ni c\u00f3digos de seguridad de las tarjetas de cr\u00e9dito, y cada vez que conservamos los \u00faltimos d\u00edgitos de la tarjeta de cr\u00e9dito, utilizamos controles de acceso y encriptaciones id\u00f3neas que permiten proteger la informaci\u00f3n. Si usted utiliza nuestro sitio web para brindarnos informaci\u00f3n financiera, ella ser\u00e1 protegida por las tecnolog\u00edas de encriptaci\u00f3n de los protocolos de capa de conexi\u00f3n segura (SSL por sus siglas en ingl\u00e9s) y seguridad de la capa de transporte (TLS por sus siglas en ingl\u00e9s).<\/p><\/li>\n \t<li><p>Sus datos personales ser\u00e1n tratados de conformidad con la autorizaci\u00f3n otorgada y mientras las finalidades para el tratamiento sigan vigentes. De conformidad a la legislaci\u00f3n vigente la autorizaci\u00f3n para consultar y compartir informaci\u00f3n personal y crediticia a las Agencias de Informaci\u00f3n de Datos ser\u00e1 otorgada de manera expresa en un documento especial para tales efectos. Si nuestra necesidad de usar o tratar sus datos cesa, es posible que se eliminen de nuestras bases de datos salvo que dichos datos sean necesarios para el cumplimiento de una obligaci\u00f3n legal o contractual vigente.<\/p><\/li>\n \t<li><p>Se podr\u00e1n hacer revisiones peri\u00f3dicas de la correcta aplicaci\u00f3n de la presente Pol\u00edtica, reserv\u00e1ndonos el derecho de revisar o actualizar esta Pol\u00edtica de privacidad en cualquier momento. Publicaremos la versi\u00f3n actualizada en nuestros Servicios y es posible que le notifiquemos cualquier cambio significativo en nuestra Pol\u00edtica de privacidad. Indicaremos en nuestra Pol\u00edtica de privacidad cu\u00e1ndo se actualiz\u00f3 por \u00faltima vez. Su uso continuado de nuestros Servicios despu\u00e9s de dichas actualizaciones constituir\u00e1 su:<\/p> (i) reconocimiento de dichas actualizaciones; y (ii) acuerdo de cumplir y estar sujeto a la Pol\u00edtica de privacidad actualizada.<\/li>\n<\/ol>\t\t\t\t\t<\/div>\n\t\t\t\t\t\t<\/div>\n\t\t\t\t<\/div>\n\t\t<div class=\"elementor-element elementor-element-7dad36bd e-con-full e-flex e-con e-child\" data-id=\"7dad36bd\" data-element_type=\"container\" data-settings=\"{&quot;content_width&quot;:&quot;full&quot;,&quot;container_type&quot;:&quot;flex&quot;}\">\n\t\t<div class=\"elementor-element elementor-element-e4c9516 e-con-full e-flex e-con e-child\" data-id=\"e4c9516\" data-element_type=\"container\" data-settings=\"{&quot;content_width&quot;:&quot;full&quot;,&quot;container_type&quot;:&quot;flex&quot;}\">\n\t\t\t\t<div class=\"elementor-element elementor-element-79de8861 elementor-widget elementor-widget-image\" data-id=\"79de8861\" data-element_type=\"widget\" data-widget_type=\"image.default\">\n\t\t\t\t<div class=\"elementor-widget-container\">\n\t\t\t<style>\/*! elementor - v3.17.0 - 25-10-2023 *\/\n.elementor-widget-image{text-align:center}.elementor-widget-image a{display:inline-block}.elementor-widget-image a img[src$=\".svg\"]{width:48px}.elementor-widget-image img{vertical-align:middle;display:inline-block}<\/style>\t\t\t\t\t<div class=\"elementor-image\">\n\t\t\t\t\t\t\t\t\t\t\t\t<img loading=\"lazy\" decoding=\"async\" width=\"48\" height=\"48\" src=\"https:\/\/emmapay.com\/el-salvador\/wp-content\/uploads\/sites\/10\/2023\/09\/security.svg\" class=\"attachment-large size-large wp-image-2321\" alt=\"\" \/>\t\t\t\t\t\t\t\t\t\t\t\t\t\t<\/div>\n\t\t\t\t\t\t<\/div>\n\t\t\t\t<\/div>\n\t\t\t\t<\/div>\n\t\t<div class=\"elementor-element elementor-element-20af36de e-con-full e-flex e-con e-child\" data-id=\"20af36de\" data-element_type=\"container\" data-settings=\"{&quot;content_width&quot;:&quot;full&quot;,&quot;container_type&quot;:&quot;flex&quot;}\">\n\t\t\t\t<div class=\"elementor-element elementor-element-1b7b7ab1 elementor-widget elementor-widget-heading\" data-id=\"1b7b7ab1\" data-element_type=\"widget\" data-widget_type=\"heading.default\">\n\t\t\t\t<div class=\"elementor-widget-container\">\n\t\t\t<h5 class=\"elementor-heading-title elementor-size-default\">Pol\u00edtica de privacidad de datos<\/h5>\t\t<\/div>\n\t\t\t\t<\/div>\n\t\t\t\t<div class=\"elementor-element elementor-element-2064e933 elementor-widget elementor-widget-heading\" data-id=\"2064e933\" data-element_type=\"widget\" data-widget_type=\"heading.default\">\n\t\t\t\t<div class=\"elementor-widget-container\">\n\t\t\t<p class=\"elementor-heading-title elementor-size-default\">\u00daltima actualizaci\u00f3n en Septiembre, 2023<\/p>\t\t<\/div>\n\t\t\t\t<\/div>\n\t\t\t\t<\/div>\n\t\t\t\t<\/div>\n\t\t\t\t<\/div>\n\t\t\t\t\t<\/div>\n\t\t\t\t<\/div>\n\t\t\t\t\t\t\t\t\t<\/div>\n\t\t\t<\/div>\n\t\t\t\t\t<\/div>\n\t\t","protected":false},"excerpt":{"rendered":"<p>Personas \/ Pol\u00edtica de privacidad Pol\u00edtica de privacidad Toda la informaci\u00f3n que provee el Comercio Afiliado al momento de registrarse o realizar una compra ser\u00e1 tratada con absoluta confidencialidad y privacidad, de acuerdo a la Pol\u00edtica de Privacidad de la Compa\u00f1\u00eda, la cual describe el tratamiento que Unicomer brindar\u00e1 a su informaci\u00f3n, con el prop\u00f3sito [&hellip;]<\/p>\n","protected":false},"author":1,"featured_media":0,"parent":0,"menu_order":0,"comment_status":"closed","ping_status":"closed","template":"","meta":{"_acf_changed":false,"footnotes":""},"class_list":["post-2331","page","type-page","status-publish","hentry"],"acf":[],"yoast_head":"<!-- This site is optimized with the Yoast SEO plugin v23.2 - https:\/\/yoast.com\/wordpress\/plugins\/seo\/ -->\n<title>Pol\u00edtica de privacidad - Emma Pay El Salvador<\/title>\n<meta name=\"robots\" content=\"index, follow, max-snippet:-1, max-image-preview:large, max-video-preview:-1\" \/>\n<link rel=\"canonical\" href=\"https:\/\/emmapay.com\/el-salvador\/politica-de-privacidad-de-datos\/\" \/>\n<meta property=\"og:locale\" content=\"es_ES\" \/>\n<meta property=\"og:type\" content=\"article\" \/>\n<meta property=\"og:title\" content=\"Pol\u00edtica de privacidad - Emma Pay El Salvador\" \/>\n<meta property=\"og:description\" content=\"Personas \/ Pol\u00edtica de privacidad Pol\u00edtica de privacidad Toda la informaci\u00f3n que provee el Comercio Afiliado al momento de registrarse o realizar una compra ser\u00e1 tratada con absoluta confidencialidad y privacidad, de acuerdo a la Pol\u00edtica de Privacidad de la Compa\u00f1\u00eda, la cual describe el tratamiento que Unicomer brindar\u00e1 a su informaci\u00f3n, con el prop\u00f3sito [&hellip;]\" \/>\n<meta property=\"og:url\" content=\"https:\/\/emmapay.com\/el-salvador\/politica-de-privacidad-de-datos\/\" \/>\n<meta property=\"og:site_name\" content=\"Emma Pay El Salvador\" \/>\n<meta property=\"article:modified_time\" content=\"2024-02-14T15:25:43+00:00\" \/>\n<meta property=\"og:image\" content=\"https:\/\/emmapay.com\/el-salvador\/wp-content\/uploads\/sites\/10\/2023\/09\/security.svg\" \/>\n<meta name=\"twitter:card\" content=\"summary_large_image\" \/>\n<meta name=\"twitter:label1\" content=\"Tiempo de lectura\" \/>\n\t<meta name=\"twitter:data1\" content=\"5 minutos\" \/>\n<script type=\"application\/ld+json\" class=\"yoast-schema-graph\">{\"@context\":\"https:\/\/schema.org\",\"@graph\":[{\"@type\":\"WebPage\",\"@id\":\"https:\/\/emmapay.com\/el-salvador\/politica-de-privacidad-de-datos\/\",\"url\":\"https:\/\/emmapay.com\/el-salvador\/politica-de-privacidad-de-datos\/\",\"name\":\"Pol\u00edtica de privacidad - Emma Pay El Salvador\",\"isPartOf\":{\"@id\":\"https:\/\/emmapay.com\/el-salvador\/#website\"},\"primaryImageOfPage\":{\"@id\":\"https:\/\/emmapay.com\/el-salvador\/politica-de-privacidad-de-datos\/#primaryimage\"},\"image\":{\"@id\":\"https:\/\/emmapay.com\/el-salvador\/politica-de-privacidad-de-datos\/#primaryimage\"},\"thumbnailUrl\":\"https:\/\/emmapay.com\/el-salvador\/wp-content\/uploads\/sites\/10\/2023\/09\/security.svg\",\"datePublished\":\"2023-09-19T16:14:50+00:00\",\"dateModified\":\"2024-02-14T15:25:43+00:00\",\"breadcrumb\":{\"@id\":\"https:\/\/emmapay.com\/el-salvador\/politica-de-privacidad-de-datos\/#breadcrumb\"},\"inLanguage\":\"es\",\"potentialAction\":[{\"@type\":\"ReadAction\",\"target\":[\"https:\/\/emmapay.com\/el-salvador\/politica-de-privacidad-de-datos\/\"]}]},{\"@type\":\"ImageObject\",\"inLanguage\":\"es\",\"@id\":\"https:\/\/emmapay.com\/el-salvador\/politica-de-privacidad-de-datos\/#primaryimage\",\"url\":\"https:\/\/emmapay.com\/el-salvador\/wp-content\/uploads\/sites\/10\/2023\/09\/security.svg\",\"contentUrl\":\"https:\/\/emmapay.com\/el-salvador\/wp-content\/uploads\/sites\/10\/2023\/09\/security.svg\",\"width\":48,\"height\":48},{\"@type\":\"BreadcrumbList\",\"@id\":\"https:\/\/emmapay.com\/el-salvador\/politica-de-privacidad-de-datos\/#breadcrumb\",\"itemListElement\":[{\"@type\":\"ListItem\",\"position\":1,\"name\":\"Home\",\"item\":\"https:\/\/emmapay.com\/el-salvador\/\"},{\"@type\":\"ListItem\",\"position\":2,\"name\":\"Pol\u00edtica de privacidad\"}]},{\"@type\":\"WebSite\",\"@id\":\"https:\/\/emmapay.com\/el-salvador\/#website\",\"url\":\"https:\/\/emmapay.com\/el-salvador\/\",\"name\":\"Emma Pay El Salvador\",\"description\":\"Emma Pay El Salvador\",\"publisher\":{\"@id\":\"https:\/\/emmapay.com\/el-salvador\/#organization\"},\"potentialAction\":[{\"@type\":\"SearchAction\",\"target\":{\"@type\":\"EntryPoint\",\"urlTemplate\":\"https:\/\/emmapay.com\/el-salvador\/?s={search_term_string}\"},\"query-input\":\"required name=search_term_string\"}],\"inLanguage\":\"es\"},{\"@type\":\"Organization\",\"@id\":\"https:\/\/emmapay.com\/el-salvador\/#organization\",\"name\":\"Emma Pay El Salvador\",\"url\":\"https:\/\/emmapay.com\/el-salvador\/\",\"logo\":{\"@type\":\"ImageObject\",\"inLanguage\":\"es\",\"@id\":\"https:\/\/emmapay.com\/el-salvador\/#\/schema\/logo\/image\/\",\"url\":\"https:\/\/emmapay.com\/el-salvador\/wp-content\/uploads\/sites\/10\/2023\/09\/Logo-Emma.svg\",\"contentUrl\":\"https:\/\/emmapay.com\/el-salvador\/wp-content\/uploads\/sites\/10\/2023\/09\/Logo-Emma.svg\",\"width\":171,\"height\":68,\"caption\":\"Emma Pay El Salvador\"},\"image\":{\"@id\":\"https:\/\/emmapay.com\/el-salvador\/#\/schema\/logo\/image\/\"}}]}<\/script>\n<!-- \/ Yoast SEO plugin. -->","yoast_head_json":{"title":"Pol\u00edtica de privacidad - Emma Pay El Salvador","robots":{"index":"index","follow":"follow","max-snippet":"max-snippet:-1","max-image-preview":"max-image-preview:large","max-video-preview":"max-video-preview:-1"},"canonical":"https:\/\/emmapay.com\/el-salvador\/politica-de-privacidad-de-datos\/","og_locale":"es_ES","og_type":"article","og_title":"Pol\u00edtica de privacidad - Emma Pay El Salvador","og_description":"Personas \/ Pol\u00edtica de privacidad Pol\u00edtica de privacidad Toda la informaci\u00f3n que provee el Comercio Afiliado al momento de registrarse o realizar una compra ser\u00e1 tratada con absoluta confidencialidad y privacidad, de acuerdo a la Pol\u00edtica de Privacidad de la Compa\u00f1\u00eda, la cual describe el tratamiento que Unicomer brindar\u00e1 a su informaci\u00f3n, con el prop\u00f3sito [&hellip;]","og_url":"https:\/\/emmapay.com\/el-salvador\/politica-de-privacidad-de-datos\/","og_site_name":"Emma Pay El Salvador","article_modified_time":"2024-02-14T15:25:43+00:00","og_image":[{"url":"https:\/\/emmapay.com\/el-salvador\/wp-content\/uploads\/sites\/10\/2023\/09\/security.svg"}],"twitter_card":"summary_large_image","twitter_misc":{"Tiempo de lectura":"5 minutos"},"schema":{"@context":"https:\/\/schema.org","@graph":[{"@type":"WebPage","@id":"https:\/\/emmapay.com\/el-salvador\/politica-de-privacidad-de-datos\/","url":"https:\/\/emmapay.com\/el-salvador\/politica-de-privacidad-de-datos\/","name":"Pol\u00edtica de privacidad - Emma Pay El Salvador","isPartOf":{"@id":"https:\/\/emmapay.com\/el-salvador\/#website"},"primaryImageOfPage":{"@id":"https:\/\/emmapay.com\/el-salvador\/politica-de-privacidad-de-datos\/#primaryimage"},"image":{"@id":"https:\/\/emmapay.com\/el-salvador\/politica-de-privacidad-de-datos\/#primaryimage"},"thumbnailUrl":"https:\/\/emmapay.com\/el-salvador\/wp-content\/uploads\/sites\/10\/2023\/09\/security.svg","datePublished":"2023-09-19T16:14:50+00:00","dateModified":"2024-02-14T15:25:43+00:00","breadcrumb":{"@id":"https:\/\/emmapay.com\/el-salvador\/politica-de-privacidad-de-datos\/#breadcrumb"},"inLanguage":"es","potentialAction":[{"@type":"ReadAction","target":["https:\/\/emmapay.com\/el-salvador\/politica-de-privacidad-de-datos\/"]}]},{"@type":"ImageObject","inLanguage":"es","@id":"https:\/\/emmapay.com\/el-salvador\/politica-de-privacidad-de-datos\/#primaryimage","url":"https:\/\/emmapay.com\/el-salvador\/wp-content\/uploads\/sites\/10\/2023\/09\/security.svg","contentUrl":"https:\/\/emmapay.com\/el-salvador\/wp-content\/uploads\/sites\/10\/2023\/09\/security.svg","width":48,"height":48},{"@type":"BreadcrumbList","@id":"https:\/\/emmapay.com\/el-salvador\/politica-de-privacidad-de-datos\/#breadcrumb","itemListElement":[{"@type":"ListItem","position":1,"name":"Home","item":"https:\/\/emmapay.com\/el-salvador\/"},{"@type":"ListItem","position":2,"name":"Pol\u00edtica de privacidad"}]},{"@type":"WebSite","@id":"https:\/\/emmapay.com\/el-salvador\/#website","url":"https:\/\/emmapay.com\/el-salvador\/","name":"Emma Pay El Salvador","description":"Emma Pay El Salvador","publisher":{"@id":"https:\/\/emmapay.com\/el-salvador\/#organization"},"potentialAction":[{"@type":"SearchAction","target":{"@type":"EntryPoint","urlTemplate":"https:\/\/emmapay.com\/el-salvador\/?s={search_term_string}"},"query-input":"required name=search_term_string"}],"inLanguage":"es"},{"@type":"Organization","@id":"https:\/\/emmapay.com\/el-salvador\/#organization","name":"Emma Pay El Salvador","url":"https:\/\/emmapay.com\/el-salvador\/","logo":{"@type":"ImageObject","inLanguage":"es","@id":"https:\/\/emmapay.com\/el-salvador\/#\/schema\/logo\/image\/","url":"https:\/\/emmapay.com\/el-salvador\/wp-content\/uploads\/sites\/10\/2023\/09\/Logo-Emma.svg","contentUrl":"https:\/\/emmapay.com\/el-salvador\/wp-content\/uploads\/sites\/10\/2023\/09\/Logo-Emma.svg","width":171,"height":68,"caption":"Emma Pay El Salvador"},"image":{"@id":"https:\/\/emmapay.com\/el-salvador\/#\/schema\/logo\/image\/"}}]}},"_links":{"self":[{"href":"https:\/\/emmapay.com\/el-salvador\/wp-json\/wp\/v2\/pages\/2331"}],"collection":[{"href":"https:\/\/emmapay.com\/el-salvador\/wp-json\/wp\/v2\/pages"}],"about":[{"href":"https:\/\/emmapay.com\/el-salvador\/wp-json\/wp\/v2\/types\/page"}],"author":[{"embeddable":true,"href":"https:\/\/emmapay.com\/el-salvador\/wp-json\/wp\/v2\/users\/1"}],"replies":[{"embeddable":true,"href":"https:\/\/emmapay.com\/el-salvador\/wp-json\/wp\/v2\/comments?post=2331"}],"version-history":[{"count":22,"href":"https:\/\/emmapay.com\/el-salvador\/wp-json\/wp\/v2\/pages\/2331\/revisions"}],"predecessor-version":[{"id":6882,"href":"https:\/\/emmapay.com\/el-salvador\/wp-json\/wp\/v2\/pages\/2331\/revisions\/6882"}],"wp:attachment":[{"href":"https:\/\/emmapay.com\/el-salvador\/wp-json\/wp\/v2\/media?parent=2331"}],"curies":[{"name":"wp","href":"https:\/\/api.w.org\/{rel}","templated":true}]}}