{"id":3708,"date":"2023-10-06T06:57:22","date_gmt":"2023-10-06T12:57:22","guid":{"rendered":"https:\/\/emmapay.com\/costa-rica\/?page_id=3708"},"modified":"2024-02-22T14:52:52","modified_gmt":"2024-02-22T20:52:52","slug":"cumplimiento-regulatorio","status":"publish","type":"page","link":"https:\/\/emmapay.com\/costa-rica\/cumplimiento-regulatorio\/","title":{"rendered":"Cumplimiento regulatorio"},"content":{"rendered":"\t\t<div data-elementor-type=\"wp-page\" data-elementor-id=\"3708\" class=\"elementor elementor-3708\" data-elementor-post-type=\"page\">\n\t\t\t\t\t\t\t<div class=\"elementor-element elementor-element-1e009f2f e-flex e-con-boxed e-con e-parent\" data-id=\"1e009f2f\" data-element_type=\"container\" data-settings=\"{&quot;background_background&quot;:&quot;classic&quot;,&quot;container_type&quot;:&quot;flex&quot;,&quot;content_width&quot;:&quot;boxed&quot;}\" data-core-v316-plus=\"true\">\n\t\t\t\t\t<div class=\"e-con-inner\">\n\t\t<div class=\"elementor-element elementor-element-1c4f7ff0 e-flex e-con-boxed e-con e-child\" data-id=\"1c4f7ff0\" data-element_type=\"container\" data-settings=\"{&quot;background_background&quot;:&quot;classic&quot;,&quot;container_type&quot;:&quot;flex&quot;,&quot;content_width&quot;:&quot;boxed&quot;}\" data-e-bg-lazyload=\"\">\n\t\t\t\t\t<div class=\"e-con-inner\">\n\t\t<div class=\"elementor-element elementor-element-5828f76b e-flex e-con-boxed e-con e-child\" data-id=\"5828f76b\" data-element_type=\"container\" data-settings=\"{&quot;container_type&quot;:&quot;flex&quot;,&quot;content_width&quot;:&quot;boxed&quot;}\">\n\t\t\t\t\t<div class=\"e-con-inner\">\n\t\t\t\t<div class=\"elementor-element elementor-element-6a6f3045 elementor-widget elementor-widget-heading\" data-id=\"6a6f3045\" data-element_type=\"widget\" data-widget_type=\"heading.default\">\n\t\t\t\t<div class=\"elementor-widget-container\">\n\t\t\t<style>\/*! elementor - v3.17.0 - 25-10-2023 *\/\n.elementor-heading-title{padding:0;margin:0;line-height:1}.elementor-widget-heading .elementor-heading-title[class*=elementor-size-]>a{color:inherit;font-size:inherit;line-height:inherit}.elementor-widget-heading .elementor-heading-title.elementor-size-small{font-size:15px}.elementor-widget-heading .elementor-heading-title.elementor-size-medium{font-size:19px}.elementor-widget-heading .elementor-heading-title.elementor-size-large{font-size:29px}.elementor-widget-heading .elementor-heading-title.elementor-size-xl{font-size:39px}.elementor-widget-heading .elementor-heading-title.elementor-size-xxl{font-size:59px}<\/style><h6 class=\"elementor-heading-title elementor-size-default\"><span class=\"inicio-ay\"> <a class=\"breadcrumb-link-ay\" href=\"https:\/\/emmapay.com\/costa-rica\/\">Transparencia<\/a> <\/span><span class=\"whi\">\/<\/span>  Cumplimiento regulatorio<\/h6>\t\t<\/div>\n\t\t\t\t<\/div>\n\t\t\t\t\t<\/div>\n\t\t\t\t<\/div>\n\t\t<div class=\"elementor-element elementor-element-2cb0a1ff e-flex e-con-boxed e-con e-child\" data-id=\"2cb0a1ff\" data-element_type=\"container\" data-settings=\"{&quot;container_type&quot;:&quot;flex&quot;,&quot;content_width&quot;:&quot;boxed&quot;}\">\n\t\t\t\t\t<div class=\"e-con-inner\">\n\t\t<div class=\"elementor-element elementor-element-1181ddbd e-flex e-con-boxed e-con e-child\" data-id=\"1181ddbd\" data-element_type=\"container\" data-settings=\"{&quot;container_type&quot;:&quot;flex&quot;,&quot;content_width&quot;:&quot;boxed&quot;}\">\n\t\t\t\t\t<div class=\"e-con-inner\">\n\t\t\t\t<div class=\"elementor-element elementor-element-477077ff elementor-widget__width-initial elementor-widget-tablet__width-initial elementor-widget elementor-widget-heading\" data-id=\"477077ff\" data-element_type=\"widget\" data-widget_type=\"heading.default\">\n\t\t\t\t<div class=\"elementor-widget-container\">\n\t\t\t<h1 class=\"elementor-heading-title elementor-size-default\">Cumplimiento<\/h1>\t\t<\/div>\n\t\t\t\t<\/div>\n\t\t\t\t<div class=\"elementor-element elementor-element-50c9d728 elementor-widget__width-initial elementor-widget-tablet__width-initial elementor-widget elementor-widget-heading\" data-id=\"50c9d728\" data-element_type=\"widget\" data-widget_type=\"heading.default\">\n\t\t\t\t<div class=\"elementor-widget-container\">\n\t\t\t<h1 class=\"elementor-heading-title elementor-size-default\">regulatorio<\/h1>\t\t<\/div>\n\t\t\t\t<\/div>\n\t\t\t\t\t<\/div>\n\t\t\t\t<\/div>\n\t\t\t\t\t<\/div>\n\t\t\t\t<\/div>\n\t\t\t\t\t<\/div>\n\t\t\t\t<\/div>\n\t\t\t\t\t<\/div>\n\t\t\t\t<\/div>\n\t\t<div class=\"elementor-element elementor-element-10438ece e-flex e-con-boxed e-con e-parent\" data-id=\"10438ece\" data-element_type=\"container\" data-settings=\"{&quot;background_background&quot;:&quot;classic&quot;,&quot;container_type&quot;:&quot;flex&quot;,&quot;content_width&quot;:&quot;boxed&quot;}\" data-e-bg-lazyload=\"\" data-core-v316-plus=\"true\">\n\t\t\t\t\t<div class=\"e-con-inner\">\n\t\t<div class=\"elementor-element elementor-element-4d65b3e e-con-full e-flex e-con e-child\" data-id=\"4d65b3e\" data-element_type=\"container\" data-settings=\"{&quot;content_width&quot;:&quot;full&quot;,&quot;background_background&quot;:&quot;classic&quot;,&quot;container_type&quot;:&quot;flex&quot;}\">\n\t\t<div class=\"elementor-element elementor-element-1d6368c0 e-con-full e-flex e-con e-child\" data-id=\"1d6368c0\" data-element_type=\"container\" data-settings=\"{&quot;content_width&quot;:&quot;full&quot;,&quot;container_type&quot;:&quot;flex&quot;}\">\n\t\t<div class=\"elementor-element elementor-element-5f70502e e-con-full e-flex e-con e-child\" data-id=\"5f70502e\" data-element_type=\"container\" data-settings=\"{&quot;content_width&quot;:&quot;full&quot;,&quot;container_type&quot;:&quot;flex&quot;}\">\n\t\t\t\t<div class=\"elementor-element elementor-element-359e9062 elementor-widget elementor-widget-image\" data-id=\"359e9062\" data-element_type=\"widget\" data-widget_type=\"image.default\">\n\t\t\t\t<div class=\"elementor-widget-container\">\n\t\t\t<style>\/*! elementor - v3.17.0 - 25-10-2023 *\/\n.elementor-widget-image{text-align:center}.elementor-widget-image a{display:inline-block}.elementor-widget-image a img[src$=\".svg\"]{width:48px}.elementor-widget-image img{vertical-align:middle;display:inline-block}<\/style>\t\t\t\t\t\t\t\t\t\t\t\t<img decoding=\"async\" width=\"48\" height=\"48\" src=\"https:\/\/emmapay.com\/costa-rica\/wp-content\/uploads\/sites\/8\/2023\/10\/security.svg\" class=\"attachment-large size-large wp-image-3711\" alt=\"\" \/>\t\t\t\t\t\t\t\t\t\t\t\t\t\t\t<\/div>\n\t\t\t\t<\/div>\n\t\t\t\t<\/div>\n\t\t<div class=\"elementor-element elementor-element-4c9cd931 e-con-full e-flex e-con e-child\" data-id=\"4c9cd931\" data-element_type=\"container\" data-settings=\"{&quot;content_width&quot;:&quot;full&quot;,&quot;container_type&quot;:&quot;flex&quot;}\">\n\t\t\t\t<div class=\"elementor-element elementor-element-2a55e5f elementor-widget elementor-widget-text-editor\" data-id=\"2a55e5f\" data-element_type=\"widget\" data-widget_type=\"text-editor.default\">\n\t\t\t\t<div class=\"elementor-widget-container\">\n\t\t\t<style>\/*! elementor - v3.17.0 - 25-10-2023 *\/\n.elementor-widget-text-editor.elementor-drop-cap-view-stacked .elementor-drop-cap{background-color:#69727d;color:#fff}.elementor-widget-text-editor.elementor-drop-cap-view-framed .elementor-drop-cap{color:#69727d;border:3px solid;background-color:transparent}.elementor-widget-text-editor:not(.elementor-drop-cap-view-default) .elementor-drop-cap{margin-top:8px}.elementor-widget-text-editor:not(.elementor-drop-cap-view-default) .elementor-drop-cap-letter{width:1em;height:1em}.elementor-widget-text-editor .elementor-drop-cap{float:left;text-align:center;line-height:1;font-size:50px}.elementor-widget-text-editor .elementor-drop-cap-letter{display:inline-block}<\/style>\t\t\t\t<p>Comunicado SUGEF<\/p>\t\t\t\t\t\t<\/div>\n\t\t\t\t<\/div>\n\t\t\t\t<div class=\"elementor-element elementor-element-547a7b1 elementor-widget elementor-widget-text-editor\" data-id=\"547a7b1\" data-element_type=\"widget\" data-widget_type=\"text-editor.default\">\n\t\t\t\t<div class=\"elementor-widget-container\">\n\t\t\t\t\t\t\t<p>Superintendencia General de Entidades Financieras<\/p>\t\t\t\t\t\t<\/div>\n\t\t\t\t<\/div>\n\t\t\t\t<\/div>\n\t\t\t\t<\/div>\n\t\t\t\t<div class=\"elementor-element elementor-element-6f6c2df6 elementor-widget elementor-widget-text-editor\" data-id=\"6f6c2df6\" data-element_type=\"widget\" data-widget_type=\"text-editor.default\">\n\t\t\t\t<div class=\"elementor-widget-container\">\n\t\t\t\t\t\t\t<p><strong>ADVERTENCIA:<\/strong> <br \/>Se advierte al p\u00fablico que Uni\u00f3n Comercial de Costa Rica UNICOMER S.A. es supervisada solamente en materia de prevenci\u00f3n de legitimaci\u00f3n de capitales, financiamiento al terrorismo y financiamiento de la proliferaci\u00f3n de armas de destrucci\u00f3n masiva, y adem\u00e1s se encuentra sujeta a disposiciones vinculantes de la Unidad de Inteligencia Financiera del Instituto Costarricense sobre Drogas. Por lo tanto, la Sugef no supervisa en materia financiera a Uni\u00f3n Comercial de Costa Rica UNICOMER S.A., ni los negocios que ofrece, ni su seguridad, estabilidad o solvencia.<\/p>\t\t\t\t\t\t<\/div>\n\t\t\t\t<\/div>\n\t\t\t\t<\/div>\n\t\t\t\t\t<\/div>\n\t\t\t\t<\/div>\n\t\t\t\t\t\t\t<\/div>\n\t\t","protected":false},"excerpt":{"rendered":"<p>Transparencia \/ Cumplimiento regulatorio Cumplimiento regulatorio Comunicado SUGEF Superintendencia General de Entidades Financieras ADVERTENCIA: Se advierte al p\u00fablico que Uni\u00f3n Comercial de Costa Rica UNICOMER S.A. es supervisada solamente en materia de prevenci\u00f3n de legitimaci\u00f3n de capitales, financiamiento al terrorismo y financiamiento de la proliferaci\u00f3n de armas de destrucci\u00f3n masiva, y adem\u00e1s se encuentra sujeta [&hellip;]<\/p>\n","protected":false},"author":1,"featured_media":3721,"parent":0,"menu_order":0,"comment_status":"closed","ping_status":"closed","template":"","meta":{"footnotes":""},"class_list":["post-3708","page","type-page","status-publish","has-post-thumbnail","hentry"],"yoast_head":"<!-- This site is optimized with the Yoast SEO plugin v23.2 - https:\/\/yoast.com\/wordpress\/plugins\/seo\/ -->\n<title>Cumplimiento regulatorio - Emma Pay Costa Rica<\/title>\n<meta name=\"robots\" content=\"index, follow, max-snippet:-1, max-image-preview:large, max-video-preview:-1\" \/>\n<link rel=\"canonical\" href=\"https:\/\/emmapay.com\/costa-rica\/cumplimiento-regulatorio\/\" \/>\n<meta property=\"og:locale\" content=\"es_ES\" \/>\n<meta property=\"og:type\" content=\"article\" \/>\n<meta property=\"og:title\" content=\"Cumplimiento regulatorio - Emma Pay Costa Rica\" \/>\n<meta property=\"og:description\" content=\"Transparencia \/ Cumplimiento regulatorio Cumplimiento regulatorio Comunicado SUGEF Superintendencia General de Entidades Financieras ADVERTENCIA: Se advierte al p\u00fablico que Uni\u00f3n Comercial de Costa Rica UNICOMER S.A. es supervisada solamente en materia de prevenci\u00f3n de legitimaci\u00f3n de capitales, financiamiento al terrorismo y financiamiento de la proliferaci\u00f3n de armas de destrucci\u00f3n masiva, y adem\u00e1s se encuentra sujeta [&hellip;]\" \/>\n<meta property=\"og:url\" content=\"https:\/\/emmapay.com\/costa-rica\/cumplimiento-regulatorio\/\" \/>\n<meta property=\"og:site_name\" content=\"Emma Pay Costa Rica\" \/>\n<meta property=\"article:modified_time\" content=\"2024-02-22T20:52:52+00:00\" \/>\n<meta property=\"og:image\" content=\"https:\/\/emmapay.com\/costa-rica\/wp-content\/uploads\/sites\/8\/2023\/10\/tab-bg-group.png\" \/>\n\t<meta property=\"og:image:width\" content=\"194\" \/>\n\t<meta property=\"og:image:height\" content=\"235\" \/>\n\t<meta property=\"og:image:type\" content=\"image\/png\" \/>\n<meta name=\"twitter:card\" content=\"summary_large_image\" \/>\n<meta name=\"twitter:label1\" content=\"Est. reading time\" \/>\n\t<meta name=\"twitter:data1\" content=\"1 minuto\" \/>\n<script type=\"application\/ld+json\" class=\"yoast-schema-graph\">{\"@context\":\"https:\/\/schema.org\",\"@graph\":[{\"@type\":\"WebPage\",\"@id\":\"https:\/\/emmapay.com\/costa-rica\/cumplimiento-regulatorio\/\",\"url\":\"https:\/\/emmapay.com\/costa-rica\/cumplimiento-regulatorio\/\",\"name\":\"Cumplimiento regulatorio - Emma Pay Costa Rica\",\"isPartOf\":{\"@id\":\"https:\/\/emmapay.com\/costa-rica\/#website\"},\"primaryImageOfPage\":{\"@id\":\"https:\/\/emmapay.com\/costa-rica\/cumplimiento-regulatorio\/#primaryimage\"},\"image\":{\"@id\":\"https:\/\/emmapay.com\/costa-rica\/cumplimiento-regulatorio\/#primaryimage\"},\"thumbnailUrl\":\"https:\/\/emmapay.com\/costa-rica\/wp-content\/uploads\/sites\/8\/2023\/10\/tab-bg-group.png\",\"datePublished\":\"2023-10-06T12:57:22+00:00\",\"dateModified\":\"2024-02-22T20:52:52+00:00\",\"breadcrumb\":{\"@id\":\"https:\/\/emmapay.com\/costa-rica\/cumplimiento-regulatorio\/#breadcrumb\"},\"inLanguage\":\"es-CR\",\"potentialAction\":[{\"@type\":\"ReadAction\",\"target\":[\"https:\/\/emmapay.com\/costa-rica\/cumplimiento-regulatorio\/\"]}]},{\"@type\":\"ImageObject\",\"inLanguage\":\"es-CR\",\"@id\":\"https:\/\/emmapay.com\/costa-rica\/cumplimiento-regulatorio\/#primaryimage\",\"url\":\"https:\/\/emmapay.com\/costa-rica\/wp-content\/uploads\/sites\/8\/2023\/10\/tab-bg-group.png\",\"contentUrl\":\"https:\/\/emmapay.com\/costa-rica\/wp-content\/uploads\/sites\/8\/2023\/10\/tab-bg-group.png\",\"width\":194,\"height\":235},{\"@type\":\"BreadcrumbList\",\"@id\":\"https:\/\/emmapay.com\/costa-rica\/cumplimiento-regulatorio\/#breadcrumb\",\"itemListElement\":[{\"@type\":\"ListItem\",\"position\":1,\"name\":\"Home\",\"item\":\"https:\/\/emmapay.com\/costa-rica\/\"},{\"@type\":\"ListItem\",\"position\":2,\"name\":\"Cumplimiento regulatorio\"}]},{\"@type\":\"WebSite\",\"@id\":\"https:\/\/emmapay.com\/costa-rica\/#website\",\"url\":\"https:\/\/emmapay.com\/costa-rica\/\",\"name\":\"Emma Pay Costa Rica\",\"description\":\"Emma Pay Costa Rica\",\"publisher\":{\"@id\":\"https:\/\/emmapay.com\/costa-rica\/#organization\"},\"potentialAction\":[{\"@type\":\"SearchAction\",\"target\":{\"@type\":\"EntryPoint\",\"urlTemplate\":\"https:\/\/emmapay.com\/costa-rica\/?s={search_term_string}\"},\"query-input\":\"required name=search_term_string\"}],\"inLanguage\":\"es-CR\"},{\"@type\":\"Organization\",\"@id\":\"https:\/\/emmapay.com\/costa-rica\/#organization\",\"name\":\"Emma Pay Costa Rica\",\"url\":\"https:\/\/emmapay.com\/costa-rica\/\",\"logo\":{\"@type\":\"ImageObject\",\"inLanguage\":\"es-CR\",\"@id\":\"https:\/\/emmapay.com\/costa-rica\/#\/schema\/logo\/image\/\",\"url\":\"https:\/\/emmapay.com\/costa-rica\/wp-content\/uploads\/sites\/8\/2023\/09\/Logo-Emma.svg\",\"contentUrl\":\"https:\/\/emmapay.com\/costa-rica\/wp-content\/uploads\/sites\/8\/2023\/09\/Logo-Emma.svg\",\"width\":171,\"height\":68,\"caption\":\"Emma Pay Costa Rica\"},\"image\":{\"@id\":\"https:\/\/emmapay.com\/costa-rica\/#\/schema\/logo\/image\/\"}}]}<\/script>\n<!-- \/ Yoast SEO plugin. -->","yoast_head_json":{"title":"Cumplimiento regulatorio - Emma Pay Costa Rica","robots":{"index":"index","follow":"follow","max-snippet":"max-snippet:-1","max-image-preview":"max-image-preview:large","max-video-preview":"max-video-preview:-1"},"canonical":"https:\/\/emmapay.com\/costa-rica\/cumplimiento-regulatorio\/","og_locale":"es_ES","og_type":"article","og_title":"Cumplimiento regulatorio - Emma Pay Costa Rica","og_description":"Transparencia \/ Cumplimiento regulatorio Cumplimiento regulatorio Comunicado SUGEF Superintendencia General de Entidades Financieras ADVERTENCIA: Se advierte al p\u00fablico que Uni\u00f3n Comercial de Costa Rica UNICOMER S.A. es supervisada solamente en materia de prevenci\u00f3n de legitimaci\u00f3n de capitales, financiamiento al terrorismo y financiamiento de la proliferaci\u00f3n de armas de destrucci\u00f3n masiva, y adem\u00e1s se encuentra sujeta [&hellip;]","og_url":"https:\/\/emmapay.com\/costa-rica\/cumplimiento-regulatorio\/","og_site_name":"Emma Pay Costa Rica","article_modified_time":"2024-02-22T20:52:52+00:00","og_image":[{"width":194,"height":235,"url":"https:\/\/emmapay.com\/costa-rica\/wp-content\/uploads\/sites\/8\/2023\/10\/tab-bg-group.png","type":"image\/png"}],"twitter_card":"summary_large_image","twitter_misc":{"Est. reading time":"1 minuto"},"schema":{"@context":"https:\/\/schema.org","@graph":[{"@type":"WebPage","@id":"https:\/\/emmapay.com\/costa-rica\/cumplimiento-regulatorio\/","url":"https:\/\/emmapay.com\/costa-rica\/cumplimiento-regulatorio\/","name":"Cumplimiento regulatorio - Emma Pay Costa Rica","isPartOf":{"@id":"https:\/\/emmapay.com\/costa-rica\/#website"},"primaryImageOfPage":{"@id":"https:\/\/emmapay.com\/costa-rica\/cumplimiento-regulatorio\/#primaryimage"},"image":{"@id":"https:\/\/emmapay.com\/costa-rica\/cumplimiento-regulatorio\/#primaryimage"},"thumbnailUrl":"https:\/\/emmapay.com\/costa-rica\/wp-content\/uploads\/sites\/8\/2023\/10\/tab-bg-group.png","datePublished":"2023-10-06T12:57:22+00:00","dateModified":"2024-02-22T20:52:52+00:00","breadcrumb":{"@id":"https:\/\/emmapay.com\/costa-rica\/cumplimiento-regulatorio\/#breadcrumb"},"inLanguage":"es-CR","potentialAction":[{"@type":"ReadAction","target":["https:\/\/emmapay.com\/costa-rica\/cumplimiento-regulatorio\/"]}]},{"@type":"ImageObject","inLanguage":"es-CR","@id":"https:\/\/emmapay.com\/costa-rica\/cumplimiento-regulatorio\/#primaryimage","url":"https:\/\/emmapay.com\/costa-rica\/wp-content\/uploads\/sites\/8\/2023\/10\/tab-bg-group.png","contentUrl":"https:\/\/emmapay.com\/costa-rica\/wp-content\/uploads\/sites\/8\/2023\/10\/tab-bg-group.png","width":194,"height":235},{"@type":"BreadcrumbList","@id":"https:\/\/emmapay.com\/costa-rica\/cumplimiento-regulatorio\/#breadcrumb","itemListElement":[{"@type":"ListItem","position":1,"name":"Home","item":"https:\/\/emmapay.com\/costa-rica\/"},{"@type":"ListItem","position":2,"name":"Cumplimiento regulatorio"}]},{"@type":"WebSite","@id":"https:\/\/emmapay.com\/costa-rica\/#website","url":"https:\/\/emmapay.com\/costa-rica\/","name":"Emma Pay Costa Rica","description":"Emma Pay Costa Rica","publisher":{"@id":"https:\/\/emmapay.com\/costa-rica\/#organization"},"potentialAction":[{"@type":"SearchAction","target":{"@type":"EntryPoint","urlTemplate":"https:\/\/emmapay.com\/costa-rica\/?s={search_term_string}"},"query-input":"required name=search_term_string"}],"inLanguage":"es-CR"},{"@type":"Organization","@id":"https:\/\/emmapay.com\/costa-rica\/#organization","name":"Emma Pay Costa Rica","url":"https:\/\/emmapay.com\/costa-rica\/","logo":{"@type":"ImageObject","inLanguage":"es-CR","@id":"https:\/\/emmapay.com\/costa-rica\/#\/schema\/logo\/image\/","url":"https:\/\/emmapay.com\/costa-rica\/wp-content\/uploads\/sites\/8\/2023\/09\/Logo-Emma.svg","contentUrl":"https:\/\/emmapay.com\/costa-rica\/wp-content\/uploads\/sites\/8\/2023\/09\/Logo-Emma.svg","width":171,"height":68,"caption":"Emma Pay Costa Rica"},"image":{"@id":"https:\/\/emmapay.com\/costa-rica\/#\/schema\/logo\/image\/"}}]}},"_links":{"self":[{"href":"https:\/\/emmapay.com\/costa-rica\/wp-json\/wp\/v2\/pages\/3708"}],"collection":[{"href":"https:\/\/emmapay.com\/costa-rica\/wp-json\/wp\/v2\/pages"}],"about":[{"href":"https:\/\/emmapay.com\/costa-rica\/wp-json\/wp\/v2\/types\/page"}],"author":[{"embeddable":true,"href":"https:\/\/emmapay.com\/costa-rica\/wp-json\/wp\/v2\/users\/1"}],"replies":[{"embeddable":true,"href":"https:\/\/emmapay.com\/costa-rica\/wp-json\/wp\/v2\/comments?post=3708"}],"version-history":[{"count":0,"href":"https:\/\/emmapay.com\/costa-rica\/wp-json\/wp\/v2\/pages\/3708\/revisions"}],"wp:featuredmedia":[{"embeddable":true,"href":"https:\/\/emmapay.com\/costa-rica\/wp-json\/wp\/v2\/media\/3721"}],"wp:attachment":[{"href":"https:\/\/emmapay.com\/costa-rica\/wp-json\/wp\/v2\/media?parent=3708"}],"curies":[{"name":"wp","href":"https:\/\/api.w.org\/{rel}","templated":true}]}}